{"id":39,"date":"2023-10-24T21:02:49","date_gmt":"2023-10-24T19:02:49","guid":{"rendered":"https:\/\/www.beurskens.com\/?page_id=39"},"modified":"2024-07-08T12:19:56","modified_gmt":"2024-07-08T10:19:56","slug":"internationale-verhuizing","status":"publish","type":"page","link":"https:\/\/www.beurskens.com\/de\/verhuizingen\/internationale-verhuizing\/","title":{"rendered":"Internationaler Umzug"},"content":{"rendered":"<h2>Bewegen ohne Grenzen<\/h2>\n<p>Von der Beantragung eines Visums oder einer Arbeitserlaubnis bis zur Suche nach einem neuen Job und vom Kauf oder der Miete eines Hauses bis zum Kennenlernen einer neuen Kultur. Dies sind nur einige Schritte, die Sie unternehmen m\u00fcssen, wenn Sie einen Umzug ins Ausland planen.<\/p>\n<p>Um den Umzugsstress so weit wie m\u00f6glich zu lindern, nehmen wir von Stef Beurskens Worldwide Movers Ihnen gerne etwas Arbeit ab. Wir organisieren nicht nur die Verpackungsarbeiten, sondern auch den notwendigen Papierkram, um Ihr Hab und Gut sicher \u00fcber die Grenze zu transportieren. Sie k\u00f6nnen uns f\u00fcr internationale Umz\u00fcge innerhalb Europas und au\u00dferhalb der Europ\u00e4ischen Union kontaktieren. Wir k\u00fcmmern uns um alle Zollformalit\u00e4ten und den Transport, damit Ihre Wertgegenst\u00e4nde schnell und sicher an ihrem Bestimmungsort ankommen. Egal, ob Sie innerhalb Europas oder au\u00dferhalb der Europ\u00e4ischen Union umziehen.<\/p>\n<p>Ben\u00f6tigen Sie eine vor\u00fcbergehende oder langfristige M\u00f6bellagerung? F\u00fcr uns kein Problem! Wir bieten Ihnen auch die sichere Lagerung Ihrer M\u00f6bel an.<\/p>\n<p>&nbsp;<\/p>\n<h2>Internationale Umzugskosten<\/h2>\n<p>F\u00fcr jeden Zug gilt eine andere Umsetzung. Also auch unterschiedliche Preise. Deshalb erstellen wir individuelle Preise erst nach einem pers\u00f6nlichen Hausbesuch f\u00fcr ein unverbindliches Angebot. Bei einem pers\u00f6nlichen Hausbesuch h\u00f6ren wir uns Ihre W\u00fcnsche genau an und sprechen mit Ihnen \u00fcber die M\u00f6glichkeiten, die wir Ihnen bieten k\u00f6nnen.<\/p>\n<p>&nbsp;<\/p>\n<h3>Neugierig auf die M\u00f6glichkeiten?<\/h3>\n<p>Sind Sie neugierig, wie unsere Optionen Ihnen bei Ihrem bevorstehenden Umzug helfen k\u00f6nnen? Nehmen Sie gerne Kontakt mit uns auf, um ein unverbindliches Angebot zu vereinbaren.<\/p>","protected":false},"excerpt":{"rendered":"<p>Verhuizen zonder grenzen Van het regelen van een visum of werkvergunning tot aan het vinden van een nieuwe baan en van het kopen of huren van een huis tot aan het kennismaken met een nieuwe cultuur. Dit zijn slechts enkele stappen die je maakt als je van plan bent naar het buitenland te verhuizen. Om [&hellip;]<\/p>","protected":false},"author":1,"featured_media":255,"parent":31,"menu_order":0,"comment_status":"closed","ping_status":"closed","template":"","meta":{"_acf_changed":false,"footnotes":""},"acf":[],"yoast_head":"<!-- This site is optimized with the Yoast SEO plugin v23.0 - https:\/\/yoast.com\/wordpress\/plugins\/seo\/ -->\n<title>Internationale verhuizing - Stef Beurskens Worldwide Movers<\/title>\n<meta name=\"robots\" content=\"index, follow, max-snippet:-1, max-image-preview:large, max-video-preview:-1\" \/>\n<link rel=\"canonical\" href=\"https:\/\/www.beurskens.com\/de\/verhuizingen\/internationale-verhuizing\/\" \/>\n<meta property=\"og:locale\" content=\"de_DE\" \/>\n<meta property=\"og:type\" content=\"article\" \/>\n<meta property=\"og:title\" content=\"Internationale verhuizing - Stef Beurskens Worldwide Movers\" \/>\n<meta property=\"og:description\" content=\"Verhuizen zonder grenzen Van het regelen van een visum of werkvergunning tot aan het vinden van een nieuwe baan en van het kopen of huren van een huis tot aan het kennismaken met een nieuwe cultuur. Dit zijn slechts enkele stappen die je maakt als je van plan bent naar het buitenland te verhuizen. Om [&hellip;]\" \/>\n<meta property=\"og:url\" content=\"https:\/\/www.beurskens.com\/de\/verhuizingen\/internationale-verhuizing\/\" \/>\n<meta property=\"og:site_name\" content=\"Stef Beurskens Worldwide Movers\" \/>\n<meta property=\"article:modified_time\" content=\"2024-07-08T10:19:56+00:00\" \/>\n<meta property=\"og:image\" content=\"https:\/\/www.beurskens.com\/wp-content\/uploads\/2024\/06\/Beurskens-19042024-4385-scaled.jpg\" \/>\n\t<meta property=\"og:image:width\" content=\"2560\" \/>\n\t<meta property=\"og:image:height\" content=\"1707\" \/>\n\t<meta property=\"og:image:type\" content=\"image\/jpeg\" \/>\n<meta name=\"twitter:card\" content=\"summary_large_image\" \/>\n<meta name=\"twitter:label1\" content=\"Gesch\u00e4tzte Lesezeit\" \/>\n\t<meta name=\"twitter:data1\" content=\"2 Minuten\" \/>\n<script type=\"application\/ld+json\" class=\"yoast-schema-graph\">{\"@context\":\"https:\/\/schema.org\",\"@graph\":[{\"@type\":\"WebPage\",\"@id\":\"https:\/\/www.beurskens.com\/verhuizingen\/internationale-verhuizing\/\",\"url\":\"https:\/\/www.beurskens.com\/verhuizingen\/internationale-verhuizing\/\",\"name\":\"Internationale verhuizing - Stef Beurskens Worldwide Movers\",\"isPartOf\":{\"@id\":\"https:\/\/www.beurskens.com\/#website\"},\"primaryImageOfPage\":{\"@id\":\"https:\/\/www.beurskens.com\/verhuizingen\/internationale-verhuizing\/#primaryimage\"},\"image\":{\"@id\":\"https:\/\/www.beurskens.com\/verhuizingen\/internationale-verhuizing\/#primaryimage\"},\"thumbnailUrl\":\"https:\/\/www.beurskens.com\/wp-content\/uploads\/2024\/06\/Beurskens-19042024-4385-scaled.jpg\",\"datePublished\":\"2023-10-24T19:02:49+00:00\",\"dateModified\":\"2024-07-08T10:19:56+00:00\",\"breadcrumb\":{\"@id\":\"https:\/\/www.beurskens.com\/verhuizingen\/internationale-verhuizing\/#breadcrumb\"},\"inLanguage\":\"de-DE\",\"potentialAction\":[{\"@type\":\"ReadAction\",\"target\":[\"https:\/\/www.beurskens.com\/verhuizingen\/internationale-verhuizing\/\"]}]},{\"@type\":\"ImageObject\",\"inLanguage\":\"de-DE\",\"@id\":\"https:\/\/www.beurskens.com\/verhuizingen\/internationale-verhuizing\/#primaryimage\",\"url\":\"https:\/\/www.beurskens.com\/wp-content\/uploads\/2024\/06\/Beurskens-19042024-4385-scaled.jpg\",\"contentUrl\":\"https:\/\/www.beurskens.com\/wp-content\/uploads\/2024\/06\/Beurskens-19042024-4385-scaled.jpg\",\"width\":2560,\"height\":1707},{\"@type\":\"BreadcrumbList\",\"@id\":\"https:\/\/www.beurskens.com\/verhuizingen\/internationale-verhuizing\/#breadcrumb\",\"itemListElement\":[{\"@type\":\"ListItem\",\"position\":1,\"name\":\"Home\",\"item\":\"https:\/\/www.beurskens.com\/\"},{\"@type\":\"ListItem\",\"position\":2,\"name\":\"Verhuizingen\",\"item\":\"https:\/\/www.beurskens.com\/verhuizingen\/\"},{\"@type\":\"ListItem\",\"position\":3,\"name\":\"Internationale verhuizing\"}]},{\"@type\":\"WebSite\",\"@id\":\"https:\/\/www.beurskens.com\/#website\",\"url\":\"https:\/\/www.beurskens.com\/\",\"name\":\"Stef Beurskens Worldwide Movers\",\"description\":\"Jouw transport, onze zorg!\",\"publisher\":{\"@id\":\"https:\/\/www.beurskens.com\/#organization\"},\"potentialAction\":[{\"@type\":\"SearchAction\",\"target\":{\"@type\":\"EntryPoint\",\"urlTemplate\":\"https:\/\/www.beurskens.com\/?s={search_term_string}\"},\"query-input\":\"required name=search_term_string\"}],\"inLanguage\":\"de-DE\"},{\"@type\":\"Organization\",\"@id\":\"https:\/\/www.beurskens.com\/#organization\",\"name\":\"Stef Beurskens Worldwide Movers\",\"url\":\"https:\/\/www.beurskens.com\/\",\"logo\":{\"@type\":\"ImageObject\",\"inLanguage\":\"de-DE\",\"@id\":\"https:\/\/www.beurskens.com\/#\/schema\/logo\/image\/\",\"url\":\"https:\/\/www.beurskens.com\/wp-content\/uploads\/2023\/10\/stef-beurskens-worldwide-movers-logo-1.png\",\"contentUrl\":\"https:\/\/www.beurskens.com\/wp-content\/uploads\/2023\/10\/stef-beurskens-worldwide-movers-logo-1.png\",\"width\":300,\"height\":44,\"caption\":\"Stef Beurskens Worldwide Movers\"},\"image\":{\"@id\":\"https:\/\/www.beurskens.com\/#\/schema\/logo\/image\/\"}}]}<\/script>\n<!-- \/ Yoast SEO plugin. -->","yoast_head_json":{"title":"Internationale verhuizing - Stef Beurskens Worldwide Movers","robots":{"index":"index","follow":"follow","max-snippet":"max-snippet:-1","max-image-preview":"max-image-preview:large","max-video-preview":"max-video-preview:-1"},"canonical":"https:\/\/www.beurskens.com\/de\/verhuizingen\/internationale-verhuizing\/","og_locale":"de_DE","og_type":"article","og_title":"Internationale verhuizing - Stef Beurskens Worldwide Movers","og_description":"Verhuizen zonder grenzen Van het regelen van een visum of werkvergunning tot aan het vinden van een nieuwe baan en van het kopen of huren van een huis tot aan het kennismaken met een nieuwe cultuur. Dit zijn slechts enkele stappen die je maakt als je van plan bent naar het buitenland te verhuizen. Om [&hellip;]","og_url":"https:\/\/www.beurskens.com\/de\/verhuizingen\/internationale-verhuizing\/","og_site_name":"Stef Beurskens Worldwide Movers","article_modified_time":"2024-07-08T10:19:56+00:00","og_image":[{"width":2560,"height":1707,"url":"https:\/\/www.beurskens.com\/wp-content\/uploads\/2024\/06\/Beurskens-19042024-4385-scaled.jpg","type":"image\/jpeg"}],"twitter_card":"summary_large_image","twitter_misc":{"Gesch\u00e4tzte Lesezeit":"2 Minuten"},"schema":{"@context":"https:\/\/schema.org","@graph":[{"@type":"WebPage","@id":"https:\/\/www.beurskens.com\/verhuizingen\/internationale-verhuizing\/","url":"https:\/\/www.beurskens.com\/verhuizingen\/internationale-verhuizing\/","name":"Internationale verhuizing - Stef Beurskens Worldwide Movers","isPartOf":{"@id":"https:\/\/www.beurskens.com\/#website"},"primaryImageOfPage":{"@id":"https:\/\/www.beurskens.com\/verhuizingen\/internationale-verhuizing\/#primaryimage"},"image":{"@id":"https:\/\/www.beurskens.com\/verhuizingen\/internationale-verhuizing\/#primaryimage"},"thumbnailUrl":"https:\/\/www.beurskens.com\/wp-content\/uploads\/2024\/06\/Beurskens-19042024-4385-scaled.jpg","datePublished":"2023-10-24T19:02:49+00:00","dateModified":"2024-07-08T10:19:56+00:00","breadcrumb":{"@id":"https:\/\/www.beurskens.com\/verhuizingen\/internationale-verhuizing\/#breadcrumb"},"inLanguage":"de-DE","potentialAction":[{"@type":"ReadAction","target":["https:\/\/www.beurskens.com\/verhuizingen\/internationale-verhuizing\/"]}]},{"@type":"ImageObject","inLanguage":"de-DE","@id":"https:\/\/www.beurskens.com\/verhuizingen\/internationale-verhuizing\/#primaryimage","url":"https:\/\/www.beurskens.com\/wp-content\/uploads\/2024\/06\/Beurskens-19042024-4385-scaled.jpg","contentUrl":"https:\/\/www.beurskens.com\/wp-content\/uploads\/2024\/06\/Beurskens-19042024-4385-scaled.jpg","width":2560,"height":1707},{"@type":"BreadcrumbList","@id":"https:\/\/www.beurskens.com\/verhuizingen\/internationale-verhuizing\/#breadcrumb","itemListElement":[{"@type":"ListItem","position":1,"name":"Home","item":"https:\/\/www.beurskens.com\/"},{"@type":"ListItem","position":2,"name":"Verhuizingen","item":"https:\/\/www.beurskens.com\/verhuizingen\/"},{"@type":"ListItem","position":3,"name":"Internationale verhuizing"}]},{"@type":"WebSite","@id":"https:\/\/www.beurskens.com\/#website","url":"https:\/\/www.beurskens.com\/","name":"Stef Beurskens Worldwide Movers","description":"Jouw transport, onze zorg!","publisher":{"@id":"https:\/\/www.beurskens.com\/#organization"},"potentialAction":[{"@type":"SearchAction","target":{"@type":"EntryPoint","urlTemplate":"https:\/\/www.beurskens.com\/?s={search_term_string}"},"query-input":"required name=search_term_string"}],"inLanguage":"de-DE"},{"@type":"Organization","@id":"https:\/\/www.beurskens.com\/#organization","name":"Stef Beurskens Worldwide Movers","url":"https:\/\/www.beurskens.com\/","logo":{"@type":"ImageObject","inLanguage":"de-DE","@id":"https:\/\/www.beurskens.com\/#\/schema\/logo\/image\/","url":"https:\/\/www.beurskens.com\/wp-content\/uploads\/2023\/10\/stef-beurskens-worldwide-movers-logo-1.png","contentUrl":"https:\/\/www.beurskens.com\/wp-content\/uploads\/2023\/10\/stef-beurskens-worldwide-movers-logo-1.png","width":300,"height":44,"caption":"Stef Beurskens Worldwide Movers"},"image":{"@id":"https:\/\/www.beurskens.com\/#\/schema\/logo\/image\/"}}]}},"_links":{"self":[{"href":"https:\/\/www.beurskens.com\/de\/wp-json\/wp\/v2\/pages\/39"}],"collection":[{"href":"https:\/\/www.beurskens.com\/de\/wp-json\/wp\/v2\/pages"}],"about":[{"href":"https:\/\/www.beurskens.com\/de\/wp-json\/wp\/v2\/types\/page"}],"author":[{"embeddable":true,"href":"https:\/\/www.beurskens.com\/de\/wp-json\/wp\/v2\/users\/1"}],"replies":[{"embeddable":true,"href":"https:\/\/www.beurskens.com\/de\/wp-json\/wp\/v2\/comments?post=39"}],"version-history":[{"count":2,"href":"https:\/\/www.beurskens.com\/de\/wp-json\/wp\/v2\/pages\/39\/revisions"}],"predecessor-version":[{"id":796,"href":"https:\/\/www.beurskens.com\/de\/wp-json\/wp\/v2\/pages\/39\/revisions\/796"}],"up":[{"embeddable":true,"href":"https:\/\/www.beurskens.com\/de\/wp-json\/wp\/v2\/pages\/31"}],"wp:featuredmedia":[{"embeddable":true,"href":"https:\/\/www.beurskens.com\/de\/wp-json\/wp\/v2\/media\/255"}],"wp:attachment":[{"href":"https:\/\/www.beurskens.com\/de\/wp-json\/wp\/v2\/media?parent=39"}],"curies":[{"name":"wp","href":"https:\/\/api.w.org\/{rel}","templated":true}]}}