{"id":33,"date":"2023-10-24T21:02:16","date_gmt":"2023-10-24T19:02:16","guid":{"rendered":"https:\/\/www.beurskens.com\/?page_id=33"},"modified":"2024-07-08T12:18:42","modified_gmt":"2024-07-08T10:18:42","slug":"particuliere-verhuizing","status":"publish","type":"page","link":"https:\/\/www.beurskens.com\/de\/verhuizingen\/particuliere-verhuizing\/","title":{"rendered":"Privater Umzug"},"content":{"rendered":"<div data-elementor-type=\"wp-page\" data-elementor-id=\"33\" class=\"elementor elementor-33\" data-elementor-post-type=\"page\">\n\t\t\t\t<div class=\"elementor-element elementor-element-17428240 e-flex e-con-boxed e-con e-parent\" data-id=\"17428240\" data-element_type=\"container\">\n\t\t\t\t\t<div class=\"e-con-inner\">\n\t\t\t\t<div class=\"elementor-element elementor-element-77b5968e elementor-widget elementor-widget-text-editor\" data-id=\"77b5968e\" data-element_type=\"widget\" data-widget_type=\"text-editor.default\">\n\t\t\t\t<div class=\"elementor-widget-container\">\n\t\t\t<style>\/*! elementor - v3.22.0 - 26-06-2024 *\/\n.elementor-widget-text-editor.elementor-drop-cap-view-stacked .elementor-drop-cap{background-color:#69727d;color:#fff}.elementor-widget-text-editor.elementor-drop-cap-view-framed .elementor-drop-cap{color:#69727d;border:3px solid;background-color:transparent}.elementor-widget-text-editor:not(.elementor-drop-cap-view-default) .elementor-drop-cap{margin-top:8px}.elementor-widget-text-editor:not(.elementor-drop-cap-view-default) .elementor-drop-cap-letter{width:1em;height:1em}.elementor-widget-text-editor .elementor-drop-cap{float:left;text-align:center;line-height:1;font-size:50px}.elementor-widget-text-editor .elementor-drop-cap-letter{display:inline-block}<\/style>\t\t\t\t<h2>Unsere Umzugsleistungen:<\/h2><p>Unser Fachwissen geht \u00fcber den Umzug von M\u00f6beln hinaus und erm\u00f6glicht es uns, Ihnen den Umzugsstress komplett zu ersparen. Dar\u00fcber hinaus k\u00f6nnen Sie selbst entscheiden, wie unser Service f\u00fcr Sie aussehen soll.<\/p><p>Wobei wir Ihnen helfen k\u00f6nnen:<\/p><ul><li>(De-)Montagearbeiten<\/li><li>Verpacken verschiedener Gegenst\u00e4nde<\/li><li>Sichere Platzierung der M\u00f6bel<\/li><li>Vor\u00fcbergehende und\/oder langfristige Lagerung von Hausrat.<\/li><\/ul><p>\u00a0<\/p><h2>Private Umzugskosten<\/h2><p>F\u00fcr jeden Zug gilt eine andere Umsetzung. Also auch unterschiedliche Preise. Deshalb erstellen wir individuelle Preise erst nach einem pers\u00f6nlichen Hausbesuch f\u00fcr ein unverbindliches Angebot. Bei einem pers\u00f6nlichen Hausbesuch h\u00f6ren wir uns Ihre W\u00fcnsche genau an und sprechen mit Ihnen \u00fcber die M\u00f6glichkeiten, die wir Ihnen bieten k\u00f6nnen.<\/p><p>\u00a0<\/p><h3>Neugierig auf die M\u00f6glichkeiten?<\/h3><p>Sind Sie neugierig, wie unsere Optionen Ihnen bei Ihrem bevorstehenden Umzug helfen k\u00f6nnen? Nehmen Sie gerne Kontakt mit uns auf, um ein unverbindliches Angebot zu vereinbaren.<\/p>\t\t\t\t\t\t<\/div>\n\t\t\t\t<\/div>\n\t\t\t\t\t<\/div>\n\t\t\t\t<\/div>\n\t\t\t\t<\/div>","protected":false},"excerpt":{"rendered":"<p>Onze verhuisdiensten: Onze expertise reikt verder dan het verhuizen van meubilair, waardoor wij u compleet kunnen ontzorgen van de verhuisstress. Daarnaast kunt u zelf beslissen hoe onze service naar u toe eruit komt te zien. Waar wij u mee kunnen ontzorgen: (De)montage werkzaamheden Het inpakken van diverse spullen Secure plaatsing van het meubilair Tijdelijke en\/of [&hellip;]<\/p>","protected":false},"author":1,"featured_media":263,"parent":31,"menu_order":0,"comment_status":"closed","ping_status":"closed","template":"","meta":{"_acf_changed":false,"footnotes":""},"acf":[],"yoast_head":"<!-- This site is optimized with the Yoast SEO plugin v23.0 - https:\/\/yoast.com\/wordpress\/plugins\/seo\/ -->\n<title>Particuliere verhuizing - Stef Beurskens Worldwide Movers<\/title>\n<meta name=\"robots\" content=\"index, follow, max-snippet:-1, max-image-preview:large, max-video-preview:-1\" \/>\n<link rel=\"canonical\" href=\"https:\/\/www.beurskens.com\/de\/verhuizingen\/particuliere-verhuizing\/\" \/>\n<meta property=\"og:locale\" content=\"de_DE\" \/>\n<meta property=\"og:type\" content=\"article\" \/>\n<meta property=\"og:title\" content=\"Particuliere verhuizing - Stef Beurskens Worldwide Movers\" \/>\n<meta property=\"og:description\" content=\"Onze verhuisdiensten: Onze expertise reikt verder dan het verhuizen van meubilair, waardoor wij u compleet kunnen ontzorgen van de verhuisstress. Daarnaast kunt u zelf beslissen hoe onze service naar u toe eruit komt te zien. Waar wij u mee kunnen ontzorgen: (De)montage werkzaamheden Het inpakken van diverse spullen Secure plaatsing van het meubilair Tijdelijke en\/of [&hellip;]\" \/>\n<meta property=\"og:url\" content=\"https:\/\/www.beurskens.com\/de\/verhuizingen\/particuliere-verhuizing\/\" \/>\n<meta property=\"og:site_name\" content=\"Stef Beurskens Worldwide Movers\" \/>\n<meta property=\"article:modified_time\" content=\"2024-07-08T10:18:42+00:00\" \/>\n<meta property=\"og:image\" content=\"https:\/\/www.beurskens.com\/wp-content\/uploads\/2024\/06\/Beurskens-19042024-3617-scaled.jpg\" \/>\n\t<meta property=\"og:image:width\" content=\"2560\" \/>\n\t<meta property=\"og:image:height\" content=\"1707\" \/>\n\t<meta property=\"og:image:type\" content=\"image\/jpeg\" \/>\n<meta name=\"twitter:card\" content=\"summary_large_image\" \/>\n<meta name=\"twitter:label1\" content=\"Gesch\u00e4tzte Lesezeit\" \/>\n\t<meta name=\"twitter:data1\" content=\"1 Minute\" \/>\n<script type=\"application\/ld+json\" class=\"yoast-schema-graph\">{\"@context\":\"https:\/\/schema.org\",\"@graph\":[{\"@type\":\"WebPage\",\"@id\":\"https:\/\/www.beurskens.com\/verhuizingen\/particuliere-verhuizing\/\",\"url\":\"https:\/\/www.beurskens.com\/verhuizingen\/particuliere-verhuizing\/\",\"name\":\"Particuliere verhuizing - Stef Beurskens Worldwide Movers\",\"isPartOf\":{\"@id\":\"https:\/\/www.beurskens.com\/#website\"},\"primaryImageOfPage\":{\"@id\":\"https:\/\/www.beurskens.com\/verhuizingen\/particuliere-verhuizing\/#primaryimage\"},\"image\":{\"@id\":\"https:\/\/www.beurskens.com\/verhuizingen\/particuliere-verhuizing\/#primaryimage\"},\"thumbnailUrl\":\"https:\/\/www.beurskens.com\/wp-content\/uploads\/2024\/06\/Beurskens-19042024-3617-scaled.jpg\",\"datePublished\":\"2023-10-24T19:02:16+00:00\",\"dateModified\":\"2024-07-08T10:18:42+00:00\",\"breadcrumb\":{\"@id\":\"https:\/\/www.beurskens.com\/verhuizingen\/particuliere-verhuizing\/#breadcrumb\"},\"inLanguage\":\"de-DE\",\"potentialAction\":[{\"@type\":\"ReadAction\",\"target\":[\"https:\/\/www.beurskens.com\/verhuizingen\/particuliere-verhuizing\/\"]}]},{\"@type\":\"ImageObject\",\"inLanguage\":\"de-DE\",\"@id\":\"https:\/\/www.beurskens.com\/verhuizingen\/particuliere-verhuizing\/#primaryimage\",\"url\":\"https:\/\/www.beurskens.com\/wp-content\/uploads\/2024\/06\/Beurskens-19042024-3617-scaled.jpg\",\"contentUrl\":\"https:\/\/www.beurskens.com\/wp-content\/uploads\/2024\/06\/Beurskens-19042024-3617-scaled.jpg\",\"width\":2560,\"height\":1707},{\"@type\":\"BreadcrumbList\",\"@id\":\"https:\/\/www.beurskens.com\/verhuizingen\/particuliere-verhuizing\/#breadcrumb\",\"itemListElement\":[{\"@type\":\"ListItem\",\"position\":1,\"name\":\"Home\",\"item\":\"https:\/\/www.beurskens.com\/\"},{\"@type\":\"ListItem\",\"position\":2,\"name\":\"Verhuizingen\",\"item\":\"https:\/\/www.beurskens.com\/verhuizingen\/\"},{\"@type\":\"ListItem\",\"position\":3,\"name\":\"Particuliere verhuizing\"}]},{\"@type\":\"WebSite\",\"@id\":\"https:\/\/www.beurskens.com\/#website\",\"url\":\"https:\/\/www.beurskens.com\/\",\"name\":\"Stef Beurskens Worldwide Movers\",\"description\":\"Jouw transport, onze zorg!\",\"publisher\":{\"@id\":\"https:\/\/www.beurskens.com\/#organization\"},\"potentialAction\":[{\"@type\":\"SearchAction\",\"target\":{\"@type\":\"EntryPoint\",\"urlTemplate\":\"https:\/\/www.beurskens.com\/?s={search_term_string}\"},\"query-input\":\"required name=search_term_string\"}],\"inLanguage\":\"de-DE\"},{\"@type\":\"Organization\",\"@id\":\"https:\/\/www.beurskens.com\/#organization\",\"name\":\"Stef Beurskens Worldwide Movers\",\"url\":\"https:\/\/www.beurskens.com\/\",\"logo\":{\"@type\":\"ImageObject\",\"inLanguage\":\"de-DE\",\"@id\":\"https:\/\/www.beurskens.com\/#\/schema\/logo\/image\/\",\"url\":\"https:\/\/www.beurskens.com\/wp-content\/uploads\/2023\/10\/stef-beurskens-worldwide-movers-logo-1.png\",\"contentUrl\":\"https:\/\/www.beurskens.com\/wp-content\/uploads\/2023\/10\/stef-beurskens-worldwide-movers-logo-1.png\",\"width\":300,\"height\":44,\"caption\":\"Stef Beurskens Worldwide Movers\"},\"image\":{\"@id\":\"https:\/\/www.beurskens.com\/#\/schema\/logo\/image\/\"}}]}<\/script>\n<!-- \/ Yoast SEO plugin. -->","yoast_head_json":{"title":"Particuliere verhuizing - Stef Beurskens Worldwide Movers","robots":{"index":"index","follow":"follow","max-snippet":"max-snippet:-1","max-image-preview":"max-image-preview:large","max-video-preview":"max-video-preview:-1"},"canonical":"https:\/\/www.beurskens.com\/de\/verhuizingen\/particuliere-verhuizing\/","og_locale":"de_DE","og_type":"article","og_title":"Particuliere verhuizing - Stef Beurskens Worldwide Movers","og_description":"Onze verhuisdiensten: Onze expertise reikt verder dan het verhuizen van meubilair, waardoor wij u compleet kunnen ontzorgen van de verhuisstress. Daarnaast kunt u zelf beslissen hoe onze service naar u toe eruit komt te zien. Waar wij u mee kunnen ontzorgen: (De)montage werkzaamheden Het inpakken van diverse spullen Secure plaatsing van het meubilair Tijdelijke en\/of [&hellip;]","og_url":"https:\/\/www.beurskens.com\/de\/verhuizingen\/particuliere-verhuizing\/","og_site_name":"Stef Beurskens Worldwide Movers","article_modified_time":"2024-07-08T10:18:42+00:00","og_image":[{"width":2560,"height":1707,"url":"https:\/\/www.beurskens.com\/wp-content\/uploads\/2024\/06\/Beurskens-19042024-3617-scaled.jpg","type":"image\/jpeg"}],"twitter_card":"summary_large_image","twitter_misc":{"Gesch\u00e4tzte Lesezeit":"1 Minute"},"schema":{"@context":"https:\/\/schema.org","@graph":[{"@type":"WebPage","@id":"https:\/\/www.beurskens.com\/verhuizingen\/particuliere-verhuizing\/","url":"https:\/\/www.beurskens.com\/verhuizingen\/particuliere-verhuizing\/","name":"Particuliere verhuizing - Stef Beurskens Worldwide Movers","isPartOf":{"@id":"https:\/\/www.beurskens.com\/#website"},"primaryImageOfPage":{"@id":"https:\/\/www.beurskens.com\/verhuizingen\/particuliere-verhuizing\/#primaryimage"},"image":{"@id":"https:\/\/www.beurskens.com\/verhuizingen\/particuliere-verhuizing\/#primaryimage"},"thumbnailUrl":"https:\/\/www.beurskens.com\/wp-content\/uploads\/2024\/06\/Beurskens-19042024-3617-scaled.jpg","datePublished":"2023-10-24T19:02:16+00:00","dateModified":"2024-07-08T10:18:42+00:00","breadcrumb":{"@id":"https:\/\/www.beurskens.com\/verhuizingen\/particuliere-verhuizing\/#breadcrumb"},"inLanguage":"de-DE","potentialAction":[{"@type":"ReadAction","target":["https:\/\/www.beurskens.com\/verhuizingen\/particuliere-verhuizing\/"]}]},{"@type":"ImageObject","inLanguage":"de-DE","@id":"https:\/\/www.beurskens.com\/verhuizingen\/particuliere-verhuizing\/#primaryimage","url":"https:\/\/www.beurskens.com\/wp-content\/uploads\/2024\/06\/Beurskens-19042024-3617-scaled.jpg","contentUrl":"https:\/\/www.beurskens.com\/wp-content\/uploads\/2024\/06\/Beurskens-19042024-3617-scaled.jpg","width":2560,"height":1707},{"@type":"BreadcrumbList","@id":"https:\/\/www.beurskens.com\/verhuizingen\/particuliere-verhuizing\/#breadcrumb","itemListElement":[{"@type":"ListItem","position":1,"name":"Home","item":"https:\/\/www.beurskens.com\/"},{"@type":"ListItem","position":2,"name":"Verhuizingen","item":"https:\/\/www.beurskens.com\/verhuizingen\/"},{"@type":"ListItem","position":3,"name":"Particuliere verhuizing"}]},{"@type":"WebSite","@id":"https:\/\/www.beurskens.com\/#website","url":"https:\/\/www.beurskens.com\/","name":"Stef Beurskens Worldwide Movers","description":"Jouw transport, onze zorg!","publisher":{"@id":"https:\/\/www.beurskens.com\/#organization"},"potentialAction":[{"@type":"SearchAction","target":{"@type":"EntryPoint","urlTemplate":"https:\/\/www.beurskens.com\/?s={search_term_string}"},"query-input":"required name=search_term_string"}],"inLanguage":"de-DE"},{"@type":"Organization","@id":"https:\/\/www.beurskens.com\/#organization","name":"Stef Beurskens Worldwide Movers","url":"https:\/\/www.beurskens.com\/","logo":{"@type":"ImageObject","inLanguage":"de-DE","@id":"https:\/\/www.beurskens.com\/#\/schema\/logo\/image\/","url":"https:\/\/www.beurskens.com\/wp-content\/uploads\/2023\/10\/stef-beurskens-worldwide-movers-logo-1.png","contentUrl":"https:\/\/www.beurskens.com\/wp-content\/uploads\/2023\/10\/stef-beurskens-worldwide-movers-logo-1.png","width":300,"height":44,"caption":"Stef Beurskens Worldwide Movers"},"image":{"@id":"https:\/\/www.beurskens.com\/#\/schema\/logo\/image\/"}}]}},"_links":{"self":[{"href":"https:\/\/www.beurskens.com\/de\/wp-json\/wp\/v2\/pages\/33"}],"collection":[{"href":"https:\/\/www.beurskens.com\/de\/wp-json\/wp\/v2\/pages"}],"about":[{"href":"https:\/\/www.beurskens.com\/de\/wp-json\/wp\/v2\/types\/page"}],"author":[{"embeddable":true,"href":"https:\/\/www.beurskens.com\/de\/wp-json\/wp\/v2\/users\/1"}],"replies":[{"embeddable":true,"href":"https:\/\/www.beurskens.com\/de\/wp-json\/wp\/v2\/comments?post=33"}],"version-history":[{"count":3,"href":"https:\/\/www.beurskens.com\/de\/wp-json\/wp\/v2\/pages\/33\/revisions"}],"predecessor-version":[{"id":794,"href":"https:\/\/www.beurskens.com\/de\/wp-json\/wp\/v2\/pages\/33\/revisions\/794"}],"up":[{"embeddable":true,"href":"https:\/\/www.beurskens.com\/de\/wp-json\/wp\/v2\/pages\/31"}],"wp:featuredmedia":[{"embeddable":true,"href":"https:\/\/www.beurskens.com\/de\/wp-json\/wp\/v2\/media\/263"}],"wp:attachment":[{"href":"https:\/\/www.beurskens.com\/de\/wp-json\/wp\/v2\/media?parent=33"}],"curies":[{"name":"wp","href":"https:\/\/api.w.org\/{rel}","templated":true}]}}